{"id":13,"date":"2025-05-19T01:54:48","date_gmt":"2025-05-18T23:54:48","guid":{"rendered":"https:\/\/www.testformation.site\/?page_id=13"},"modified":"2025-05-19T02:14:05","modified_gmt":"2025-05-19T00:14:05","slug":"a-propos","status":"publish","type":"page","link":"https:\/\/www.testformation.site\/index.php\/a-propos\/","title":{"rendered":"A propos"},"content":{"rendered":"\n<h2 class=\"wp-block-heading has-luminous-vivid-orange-color has-text-color has-link-color wp-elements-82aa8375308e3195019259f2e4ebfb16\">Qui suis-je ? <\/h2>\n\n\n\n<div class=\"wp-block-group is-nowrap is-layout-flex wp-container-core-group-is-layout-6c531013 wp-block-group-is-layout-flex\">\n<p>Je suis Sophie Martin, <strong>sophrologue certifi\u00e9e<\/strong>.<br>J\u2019accompagne les adultes en situation de <strong>stress <\/strong>ou de <strong>fatigue chronique<\/strong>, \u00e0 retrouver \u00e9quilibre et s\u00e9r\u00e9nit\u00e9 gr\u00e2ce \u00e0 des techniques de relaxation dynamiques et adapt\u00e9es.<\/p>\n\n\n\n<figure class=\"wp-block-image size-large is-resized\"><img loading=\"lazy\" decoding=\"async\" width=\"1024\" height=\"1024\" src=\"https:\/\/www.testformation.site\/wp-content\/uploads\/2025\/05\/undraw_businesswoman-avatar_ktl2-1024x1024.png\" alt=\"Photo personnelle\" class=\"wp-image-18\" style=\"width:216px;height:auto\" srcset=\"https:\/\/www.testformation.site\/wp-content\/uploads\/2025\/05\/undraw_businesswoman-avatar_ktl2-1024x1024.png 1024w, https:\/\/www.testformation.site\/wp-content\/uploads\/2025\/05\/undraw_businesswoman-avatar_ktl2-300x300.png 300w, https:\/\/www.testformation.site\/wp-content\/uploads\/2025\/05\/undraw_businesswoman-avatar_ktl2-150x150.png 150w, https:\/\/www.testformation.site\/wp-content\/uploads\/2025\/05\/undraw_businesswoman-avatar_ktl2-768x768.png 768w, https:\/\/www.testformation.site\/wp-content\/uploads\/2025\/05\/undraw_businesswoman-avatar_ktl2.png 1280w\" sizes=\"auto, (max-width: 1024px) 100vw, 1024px\" \/><\/figure>\n<\/div>\n\n\n\n<h2 class=\"wp-block-heading has-luminous-vivid-orange-color has-text-color has-link-color wp-elements-b8f3a3619e08c6eccc44fe7014fdc268\">Mes dipl\u00f4mes<\/h2>\n\n\n\n<ul class=\"wp-block-list\">\n<li>Dipl\u00f4me 1<\/li>\n\n\n\n<li>Dipl\u00f4me 2<\/li>\n<\/ul>\n","protected":false},"excerpt":{"rendered":"<p>Qui suis-je ? Je suis Sophie Martin, sophrologue certifi\u00e9e.J\u2019accompagne les adultes en situation de stress ou de fatigue chronique, \u00e0 retrouver \u00e9quilibre et s\u00e9r\u00e9nit\u00e9 gr\u00e2ce \u00e0 des techniques de relaxation dynamiques et adapt\u00e9es. Mes dipl\u00f4mes<\/p>\n","protected":false},"author":1,"featured_media":0,"parent":0,"menu_order":0,"comment_status":"closed","ping_status":"closed","template":"","meta":{"footnotes":""},"class_list":["post-13","page","type-page","status-publish","hentry"],"yoast_head":"<!-- This site is optimized with the Yoast SEO plugin v25.1 - https:\/\/yoast.com\/wordpress\/plugins\/seo\/ -->\n<title>A propos - WordPress<\/title>\n<meta name=\"robots\" content=\"index, follow, max-snippet:-1, max-image-preview:large, max-video-preview:-1\" \/>\n<link rel=\"canonical\" href=\"https:\/\/www.testformation.site\/index.php\/a-propos\/\" \/>\n<meta property=\"og:locale\" content=\"en_US\" \/>\n<meta property=\"og:type\" content=\"article\" \/>\n<meta property=\"og:title\" content=\"A propos - WordPress\" \/>\n<meta property=\"og:description\" content=\"Qui suis-je ? Je suis Sophie Martin, sophrologue certifi\u00e9e.J\u2019accompagne les adultes en situation de stress ou de fatigue chronique, \u00e0 retrouver \u00e9quilibre et s\u00e9r\u00e9nit\u00e9 gr\u00e2ce \u00e0 des techniques de relaxation dynamiques et adapt\u00e9es. Mes dipl\u00f4mes\" \/>\n<meta property=\"og:url\" content=\"https:\/\/www.testformation.site\/index.php\/a-propos\/\" \/>\n<meta property=\"og:site_name\" content=\"WordPress\" \/>\n<meta property=\"article:modified_time\" content=\"2025-05-19T00:14:05+00:00\" \/>\n<meta property=\"og:image\" content=\"https:\/\/www.testformation.site\/wp-content\/uploads\/2025\/05\/undraw_businesswoman-avatar_ktl2.png\" \/>\n\t<meta property=\"og:image:width\" content=\"1280\" \/>\n\t<meta property=\"og:image:height\" content=\"1280\" \/>\n\t<meta property=\"og:image:type\" content=\"image\/png\" \/>\n<meta name=\"twitter:card\" content=\"summary_large_image\" \/>\n<script type=\"application\/ld+json\" class=\"yoast-schema-graph\">{\"@context\":\"https:\/\/schema.org\",\"@graph\":[{\"@type\":\"WebPage\",\"@id\":\"https:\/\/www.testformation.site\/index.php\/a-propos\/\",\"url\":\"https:\/\/www.testformation.site\/index.php\/a-propos\/\",\"name\":\"A propos - WordPress\",\"isPartOf\":{\"@id\":\"https:\/\/www.testformation.site\/#website\"},\"primaryImageOfPage\":{\"@id\":\"https:\/\/www.testformation.site\/index.php\/a-propos\/#primaryimage\"},\"image\":{\"@id\":\"https:\/\/www.testformation.site\/index.php\/a-propos\/#primaryimage\"},\"thumbnailUrl\":\"https:\/\/www.testformation.site\/wp-content\/uploads\/2025\/05\/undraw_businesswoman-avatar_ktl2-1024x1024.png\",\"datePublished\":\"2025-05-18T23:54:48+00:00\",\"dateModified\":\"2025-05-19T00:14:05+00:00\",\"breadcrumb\":{\"@id\":\"https:\/\/www.testformation.site\/index.php\/a-propos\/#breadcrumb\"},\"inLanguage\":\"en-US\",\"potentialAction\":[{\"@type\":\"ReadAction\",\"target\":[\"https:\/\/www.testformation.site\/index.php\/a-propos\/\"]}]},{\"@type\":\"ImageObject\",\"inLanguage\":\"en-US\",\"@id\":\"https:\/\/www.testformation.site\/index.php\/a-propos\/#primaryimage\",\"url\":\"https:\/\/www.testformation.site\/wp-content\/uploads\/2025\/05\/undraw_businesswoman-avatar_ktl2.png\",\"contentUrl\":\"https:\/\/www.testformation.site\/wp-content\/uploads\/2025\/05\/undraw_businesswoman-avatar_ktl2.png\",\"width\":1280,\"height\":1280},{\"@type\":\"BreadcrumbList\",\"@id\":\"https:\/\/www.testformation.site\/index.php\/a-propos\/#breadcrumb\",\"itemListElement\":[{\"@type\":\"ListItem\",\"position\":1,\"name\":\"Accueil\",\"item\":\"https:\/\/www.testformation.site\/\"},{\"@type\":\"ListItem\",\"position\":2,\"name\":\"A propos\"}]},{\"@type\":\"WebSite\",\"@id\":\"https:\/\/www.testformation.site\/#website\",\"url\":\"https:\/\/www.testformation.site\/\",\"name\":\"WordPress\",\"description\":\"Un site utilisant WordPress\",\"publisher\":{\"@id\":\"https:\/\/www.testformation.site\/#\/schema\/person\/7b26f56e4c721018a934e33ab2ff4116\"},\"potentialAction\":[{\"@type\":\"SearchAction\",\"target\":{\"@type\":\"EntryPoint\",\"urlTemplate\":\"https:\/\/www.testformation.site\/?s={search_term_string}\"},\"query-input\":{\"@type\":\"PropertyValueSpecification\",\"valueRequired\":true,\"valueName\":\"search_term_string\"}}],\"inLanguage\":\"en-US\"},{\"@type\":[\"Person\",\"Organization\"],\"@id\":\"https:\/\/www.testformation.site\/#\/schema\/person\/7b26f56e4c721018a934e33ab2ff4116\",\"name\":\"admin5580\",\"image\":{\"@type\":\"ImageObject\",\"inLanguage\":\"en-US\",\"@id\":\"https:\/\/www.testformation.site\/#\/schema\/person\/image\/\",\"url\":\"https:\/\/www.testformation.site\/wp-content\/uploads\/2025\/05\/undraw_cabin_7fei.png\",\"contentUrl\":\"https:\/\/www.testformation.site\/wp-content\/uploads\/2025\/05\/undraw_cabin_7fei.png\",\"width\":1426,\"height\":1695,\"caption\":\"admin5580\"},\"logo\":{\"@id\":\"https:\/\/www.testformation.site\/#\/schema\/person\/image\/\"},\"sameAs\":[\"http:\/\/www.testformation.site\"]}]}<\/script>\n<!-- \/ Yoast SEO plugin. -->","yoast_head_json":{"title":"A propos - WordPress","robots":{"index":"index","follow":"follow","max-snippet":"max-snippet:-1","max-image-preview":"max-image-preview:large","max-video-preview":"max-video-preview:-1"},"canonical":"https:\/\/www.testformation.site\/index.php\/a-propos\/","og_locale":"en_US","og_type":"article","og_title":"A propos - WordPress","og_description":"Qui suis-je ? Je suis Sophie Martin, sophrologue certifi\u00e9e.J\u2019accompagne les adultes en situation de stress ou de fatigue chronique, \u00e0 retrouver \u00e9quilibre et s\u00e9r\u00e9nit\u00e9 gr\u00e2ce \u00e0 des techniques de relaxation dynamiques et adapt\u00e9es. Mes dipl\u00f4mes","og_url":"https:\/\/www.testformation.site\/index.php\/a-propos\/","og_site_name":"WordPress","article_modified_time":"2025-05-19T00:14:05+00:00","og_image":[{"width":1280,"height":1280,"url":"https:\/\/www.testformation.site\/wp-content\/uploads\/2025\/05\/undraw_businesswoman-avatar_ktl2.png","type":"image\/png"}],"twitter_card":"summary_large_image","schema":{"@context":"https:\/\/schema.org","@graph":[{"@type":"WebPage","@id":"https:\/\/www.testformation.site\/index.php\/a-propos\/","url":"https:\/\/www.testformation.site\/index.php\/a-propos\/","name":"A propos - WordPress","isPartOf":{"@id":"https:\/\/www.testformation.site\/#website"},"primaryImageOfPage":{"@id":"https:\/\/www.testformation.site\/index.php\/a-propos\/#primaryimage"},"image":{"@id":"https:\/\/www.testformation.site\/index.php\/a-propos\/#primaryimage"},"thumbnailUrl":"https:\/\/www.testformation.site\/wp-content\/uploads\/2025\/05\/undraw_businesswoman-avatar_ktl2-1024x1024.png","datePublished":"2025-05-18T23:54:48+00:00","dateModified":"2025-05-19T00:14:05+00:00","breadcrumb":{"@id":"https:\/\/www.testformation.site\/index.php\/a-propos\/#breadcrumb"},"inLanguage":"en-US","potentialAction":[{"@type":"ReadAction","target":["https:\/\/www.testformation.site\/index.php\/a-propos\/"]}]},{"@type":"ImageObject","inLanguage":"en-US","@id":"https:\/\/www.testformation.site\/index.php\/a-propos\/#primaryimage","url":"https:\/\/www.testformation.site\/wp-content\/uploads\/2025\/05\/undraw_businesswoman-avatar_ktl2.png","contentUrl":"https:\/\/www.testformation.site\/wp-content\/uploads\/2025\/05\/undraw_businesswoman-avatar_ktl2.png","width":1280,"height":1280},{"@type":"BreadcrumbList","@id":"https:\/\/www.testformation.site\/index.php\/a-propos\/#breadcrumb","itemListElement":[{"@type":"ListItem","position":1,"name":"Accueil","item":"https:\/\/www.testformation.site\/"},{"@type":"ListItem","position":2,"name":"A propos"}]},{"@type":"WebSite","@id":"https:\/\/www.testformation.site\/#website","url":"https:\/\/www.testformation.site\/","name":"WordPress","description":"Un site utilisant WordPress","publisher":{"@id":"https:\/\/www.testformation.site\/#\/schema\/person\/7b26f56e4c721018a934e33ab2ff4116"},"potentialAction":[{"@type":"SearchAction","target":{"@type":"EntryPoint","urlTemplate":"https:\/\/www.testformation.site\/?s={search_term_string}"},"query-input":{"@type":"PropertyValueSpecification","valueRequired":true,"valueName":"search_term_string"}}],"inLanguage":"en-US"},{"@type":["Person","Organization"],"@id":"https:\/\/www.testformation.site\/#\/schema\/person\/7b26f56e4c721018a934e33ab2ff4116","name":"admin5580","image":{"@type":"ImageObject","inLanguage":"en-US","@id":"https:\/\/www.testformation.site\/#\/schema\/person\/image\/","url":"https:\/\/www.testformation.site\/wp-content\/uploads\/2025\/05\/undraw_cabin_7fei.png","contentUrl":"https:\/\/www.testformation.site\/wp-content\/uploads\/2025\/05\/undraw_cabin_7fei.png","width":1426,"height":1695,"caption":"admin5580"},"logo":{"@id":"https:\/\/www.testformation.site\/#\/schema\/person\/image\/"},"sameAs":["http:\/\/www.testformation.site"]}]}},"_links":{"self":[{"href":"https:\/\/www.testformation.site\/index.php\/wp-json\/wp\/v2\/pages\/13","targetHints":{"allow":["GET"]}}],"collection":[{"href":"https:\/\/www.testformation.site\/index.php\/wp-json\/wp\/v2\/pages"}],"about":[{"href":"https:\/\/www.testformation.site\/index.php\/wp-json\/wp\/v2\/types\/page"}],"author":[{"embeddable":true,"href":"https:\/\/www.testformation.site\/index.php\/wp-json\/wp\/v2\/users\/1"}],"replies":[{"embeddable":true,"href":"https:\/\/www.testformation.site\/index.php\/wp-json\/wp\/v2\/comments?post=13"}],"version-history":[{"count":4,"href":"https:\/\/www.testformation.site\/index.php\/wp-json\/wp\/v2\/pages\/13\/revisions"}],"predecessor-version":[{"id":26,"href":"https:\/\/www.testformation.site\/index.php\/wp-json\/wp\/v2\/pages\/13\/revisions\/26"}],"wp:attachment":[{"href":"https:\/\/www.testformation.site\/index.php\/wp-json\/wp\/v2\/media?parent=13"}],"curies":[{"name":"wp","href":"https:\/\/api.w.org\/{rel}","templated":true}]}}